{"id":584,"date":"2024-02-05T10:23:01","date_gmt":"2024-02-05T10:23:01","guid":{"rendered":"https:\/\/larseguro.pt\/group\/"},"modified":"2024-11-18T12:29:30","modified_gmt":"2024-11-18T12:29:30","slug":"group","status":"publish","type":"page","link":"https:\/\/larseguro.pt\/en\/group\/","title":{"rendered":"Group"},"content":{"rendered":"\n\n  <div class=\"banner has-hover\" id=\"banner-611689399\">\n          <div class=\"banner-inner fill\">\n        <div class=\"banner-bg fill\" >\n            <img loading=\"lazy\" decoding=\"async\" width=\"1020\" height=\"678\" src=\"https:\/\/larseguro.pt\/wp-content\/uploads\/2024\/02\/low-angle-shot-facade-white-modern-building-blue-clear-sky-1024x681.jpg\" class=\"bg attachment-large size-large\" alt=\"Fotografia de \u00e2ngulo baixo de uma fachada de um edif\u00edcio moderno branco sob um c\u00e9u azul claro\" \/>                        <div class=\"overlay\"><\/div>            \n                    <\/div>\n\t\t\n        <div class=\"banner-layers container\">\n            <div class=\"fill banner-link\"><\/div>            \n\n   <div id=\"text-box-1796798444\" class=\"text-box banner-layer x50 md-x50 lg-x0 y80 md-y80 lg-y80 res-text\">\n                                <div class=\"text-box-content text dark\">\n              \n              <div class=\"text-inner text-center\">\n                  \n\n\t<div id=\"text-4185088320\" class=\"text\">\n\t\t\n\n<h1>Group<\/h1>\n<p> <\/p>\n\t\t\n<style>\n#text-4185088320 {\n  text-align: center;\n}\n@media (min-width:550px) {\n  #text-4185088320 {\n    text-align: center;\n  }\n}\n@media (min-width:850px) {\n  #text-4185088320 {\n    text-align: left;\n  }\n}\n<\/style>\n\t<\/div>\n\t\n\n              <\/div>\n           <\/div>\n                            \n<style>\n#text-box-1796798444 {\n  width: 100%;\n}\n#text-box-1796798444 .text-box-content {\n  font-size: 100%;\n}\n@media (min-width:550px) {\n  #text-box-1796798444 {\n    width: 60%;\n  }\n}\n<\/style>\n    <\/div>\n \n\n        <\/div>\n      <\/div>\n\n            \n<style>\n#banner-611689399 {\n  padding-top: 50vh;\n}\n#banner-611689399 .overlay {\n  background-color: rgba(21, 51, 102, 0.8);\n}\n#banner-611689399 .banner-bg img {\n  object-position: 0% 97%;\n}\n<\/style>\n  <\/div>\n\n\n\n\t<section class=\"section\" id=\"section_589563650\">\n\t\t<div class=\"section-bg fill\" >\n\t\t\t\t\t\t\t\t\t\n\t\t\t\n\n\t\t<\/div>\n\n\t\t\n\n\t\t<div class=\"section-content relative\">\n\t\t\t\n\n<div class=\"row align-middle align-center\"  id=\"row-1202856223\">\n\n\n\t<div id=\"col-771614083\" class=\"col medium-9 small-12 large-9\"  >\n\t\t\t\t<div class=\"col-inner\"  >\n\t\t\t\n\t\t\t\n\n\t<div id=\"text-1528774104\" class=\"text\">\n\t\t\n\n<h6>Our group<\/h6>\n<h2><span style=\"font-size: 150%;\">The LarSeguro Group<\/span><\/h2>\n\t\t\n<style>\n#text-1528774104 {\n  text-align: center;\n}\n<\/style>\n\t<\/div>\n\t\n\t<div id=\"gap-922844256\" class=\"gap-element clearfix\" style=\"display:block; height:auto;\">\n\t\t\n<style>\n#gap-922844256 {\n  padding-top: 30px;\n}\n<\/style>\n\t<\/div>\n\t\n\n\n\t\t<\/div>\n\t\t\t\t\t<\/div>\n\n\t\n\n\t<div id=\"col-871069121\" class=\"col medium-4 small-12 large-4\"  data-animate=\"fadeInLeft\">\n\t\t\t\t<div class=\"col-inner text-center\"  >\n\t\t\t\n\t\t\t\n\n\t<div class=\"img has-hover x md-x lg-x y md-y lg-y\" id=\"image_1267329080\">\n\t\t\t\t\t\t\t\t<div class=\"img-inner dark\" >\n\t\t\t<img loading=\"lazy\" decoding=\"async\" width=\"1020\" height=\"708\" src=\"https:\/\/larseguro.pt\/wp-content\/uploads\/2024\/02\/Logotipo-MFVias-Vertical-Cores-RGB-1024x711.png\" class=\"attachment-large size-large\" alt=\"Logotipo MFVias\" srcset=\"https:\/\/larseguro.pt\/wp-content\/uploads\/2024\/02\/Logotipo-MFVias-Vertical-Cores-RGB-1024x711.png 1024w, https:\/\/larseguro.pt\/wp-content\/uploads\/2024\/02\/Logotipo-MFVias-Vertical-Cores-RGB-300x208.png 300w, https:\/\/larseguro.pt\/wp-content\/uploads\/2024\/02\/Logotipo-MFVias-Vertical-Cores-RGB-768x534.png 768w, https:\/\/larseguro.pt\/wp-content\/uploads\/2024\/02\/Logotipo-MFVias-Vertical-Cores-RGB-1536x1067.png 1536w, https:\/\/larseguro.pt\/wp-content\/uploads\/2024\/02\/Logotipo-MFVias-Vertical-Cores-RGB-2048x1423.png 2048w\" sizes=\"auto, (max-width: 1020px) 100vw, 1020px\" \/>\t\t\t\t\t\t\n\t\t\t\t\t<\/div>\n\t\t\t\t\t\t\t\t\n<style>\n#image_1267329080 {\n  width: 50%;\n}\n<\/style>\n\t<\/div>\n\t\n\n\n\t\t<\/div>\n\t\t\t\t\t<\/div>\n\n\t\n\n\t<div id=\"col-894795244\" class=\"col medium-4 small-12 large-4\"  data-animate=\"fadeInLeft\">\n\t\t\t\t<div class=\"col-inner text-center\"  >\n\t\t\t\n\t\t\t\n\n\t<div class=\"img has-hover x md-x lg-x y md-y lg-y\" id=\"image_1956352652\">\n\t\t\t\t\t\t\t\t<div class=\"img-inner dark\" >\n\t\t\t<img loading=\"lazy\" decoding=\"async\" width=\"1020\" height=\"909\" src=\"https:\/\/larseguro.pt\/wp-content\/uploads\/2024\/02\/Logotipo-Vertical-RGB-1024x913.png\" class=\"attachment-large size-large\" alt=\"Logo MF Gest - Gest\u00e3o e Consultoria\" srcset=\"https:\/\/larseguro.pt\/wp-content\/uploads\/2024\/02\/Logotipo-Vertical-RGB-1024x913.png 1024w, https:\/\/larseguro.pt\/wp-content\/uploads\/2024\/02\/Logotipo-Vertical-RGB-300x267.png 300w, https:\/\/larseguro.pt\/wp-content\/uploads\/2024\/02\/Logotipo-Vertical-RGB-768x685.png 768w, https:\/\/larseguro.pt\/wp-content\/uploads\/2024\/02\/Logotipo-Vertical-RGB-1536x1369.png 1536w, https:\/\/larseguro.pt\/wp-content\/uploads\/2024\/02\/Logotipo-Vertical-RGB-2048x1825.png 2048w\" sizes=\"auto, (max-width: 1020px) 100vw, 1020px\" \/>\t\t\t\t\t\t\n\t\t\t\t\t<\/div>\n\t\t\t\t\t\t\t\t\n<style>\n#image_1956352652 {\n  width: 45%;\n}\n<\/style>\n\t<\/div>\n\t\n\n\n\t\t<\/div>\n\t\t\t\t\t<\/div>\n\n\t\n\n\t<div id=\"col-1860295970\" class=\"col medium-4 small-12 large-4\"  data-animate=\"fadeInLeft\">\n\t\t\t\t<div class=\"col-inner text-center\"  >\n\t\t\t\n\t\t\t\n\n\t<div class=\"img has-hover x md-x lg-x y md-y lg-y\" id=\"image_309725472\">\n\t\t\t\t\t\t\t\t<div class=\"img-inner dark\" >\n\t\t\t<img loading=\"lazy\" decoding=\"async\" width=\"1020\" height=\"749\" src=\"https:\/\/larseguro.pt\/wp-content\/uploads\/2024\/02\/Logotipo-LarSeguro-Vertical-Cores-RGB-1024x752.png\" class=\"attachment-large size-large\" alt=\"\" srcset=\"https:\/\/larseguro.pt\/wp-content\/uploads\/2024\/02\/Logotipo-LarSeguro-Vertical-Cores-RGB-1024x752.png 1024w, https:\/\/larseguro.pt\/wp-content\/uploads\/2024\/02\/Logotipo-LarSeguro-Vertical-Cores-RGB-300x220.png 300w, https:\/\/larseguro.pt\/wp-content\/uploads\/2024\/02\/Logotipo-LarSeguro-Vertical-Cores-RGB-768x564.png 768w, https:\/\/larseguro.pt\/wp-content\/uploads\/2024\/02\/Logotipo-LarSeguro-Vertical-Cores-RGB-1536x1127.png 1536w, https:\/\/larseguro.pt\/wp-content\/uploads\/2024\/02\/Logotipo-LarSeguro-Vertical-Cores-RGB-2048x1503.png 2048w\" sizes=\"auto, (max-width: 1020px) 100vw, 1020px\" \/>\t\t\t\t\t\t\n\t\t\t\t\t<\/div>\n\t\t\t\t\t\t\t\t\n<style>\n#image_309725472 {\n  width: 50%;\n}\n<\/style>\n\t<\/div>\n\t\n\n\n\t\t<\/div>\n\t\t\t\t\t<\/div>\n\n\t\n\n<\/div>\n\t<div id=\"gap-757715771\" class=\"gap-element clearfix\" style=\"display:block; height:auto;\">\n\t\t\n<style>\n#gap-757715771 {\n  padding-top: 30px;\n}\n<\/style>\n\t<\/div>\n\t\n\n<div class=\"row align-middle align-center\"  id=\"row-269536356\">\n\n\n\t<div id=\"col-1436424920\" class=\"col medium-9 small-12 large-7\"  data-animate=\"fadeInRight\">\n\t\t\t\t<div class=\"col-inner\"  >\n\t\t\t\n\t\t\t\n\n\t<div id=\"text-997744071\" class=\"text\">\n\t\t\n\n<p>LarSeguro is part of a solid business group made up of companies specializing in different complementary areas: management, consulting, engineering and construction.<\/p>\n<p> This integrated ecosystem allows us to guarantee excellence at every stage, from real estate development to project execution. Together, our commitment is to ensure that each client receives the highest level of quality and confidence in each of the services we provide.<\/p>\n\t\t\n<style>\n#text-997744071 {\n  font-size: 1.1rem;\n  line-height: 1.5;\n  text-align: center;\n}\n<\/style>\n\t<\/div>\n\t\n\n\t\t<\/div>\n\t\t\t\t\t<\/div>\n\n\t\n\n<\/div>\n\t<div id=\"gap-473844658\" class=\"gap-element clearfix\" style=\"display:block; height:auto;\">\n\t\t\n<style>\n#gap-473844658 {\n  padding-top: 200px;\n}\n<\/style>\n\t<\/div>\n\t\n\n\n\t\t<\/div>\n\n\t\t\n<style>\n#section_589563650 {\n  padding-top: 100px;\n  padding-bottom: 100px;\n  background-color: rgb(239, 239, 239);\n}\n<\/style>\n\t<\/section>\n\t\n<div class=\"row align-middle align-center\" style=\"max-width:1400px\" id=\"row-1349086367\">\n\n\n\t<div id=\"col-1364836501\" class=\"col medium-10 small-12 large-10\"  data-animate=\"fadeInUp\">\n\t\t\t\t<div class=\"col-inner\"  >\n\t\t\t\n\t\t\t\n\n\n\n\n\n\n  <div class=\"banner has-hover\" id=\"banner-108041893\">\n          <div class=\"banner-inner fill\">\n        <div class=\"banner-bg fill\" >\n            <img loading=\"lazy\" decoding=\"async\" width=\"1341\" height=\"894\" src=\"https:\/\/larseguro.pt\/wp-content\/uploads\/2024\/02\/villa-house-model-key-drawing-retro-desktop-real-estate-sale-concept.jpg\" class=\"bg attachment-original size-original\" alt=\"\" \/>                                    \n                    <\/div>\n\t\t\n        <div class=\"banner-layers container\">\n            <div class=\"fill banner-link\"><\/div>            \n\n   <div id=\"text-box-783658953\" class=\"text-box banner-layer x50 md-x50 lg-x50 y50 md-y50 lg-y50 res-text\">\n                                <div class=\"text-box-content text dark\">\n              \n              <div class=\"text-inner text-center\">\n                  \n\n\n              <\/div>\n           <\/div>\n                            \n<style>\n#text-box-783658953 {\n  width: 60%;\n}\n#text-box-783658953 .text-box-content {\n  font-size: 100%;\n}\n<\/style>\n    <\/div>\n \n\n        <\/div>\n      <\/div>\n\n            \n<style>\n#banner-108041893 {\n  padding-top: 450px;\n}\n#banner-108041893 .banner-bg img {\n  object-position: 49% 48%;\n}\n<\/style>\n  <\/div>\n\n\n\n\t\t<\/div>\n\t\t\t\t\n<style>\n#col-1364836501 > .col-inner {\n  margin: -260px 0px 0px 0px;\n}\n<\/style>\n\t<\/div>\n\n\t\n\n<\/div>\n\n\t<section class=\"section\" id=\"section_1658909263\">\n\t\t<div class=\"section-bg fill\" >\n\t\t\t\t\t\t\t\t\t\n\t\t\t\n\n\t\t<\/div>\n\n\t\t\n\n\t\t<div class=\"section-content relative\">\n\t\t\t\n\n<div class=\"row align-middle\"  id=\"row-163283142\">\n\n\n\t<div id=\"col-1693881906\" class=\"col medium-5 small-12 large-5\"  data-animate=\"fadeInLeft\">\n\t\t\t\t<div class=\"col-inner text-center\" style=\"background-color:#e53812;\" >\n\t\t\t\n\t\t\t\n\n\t<div class=\"img has-hover x md-x lg-x y md-y lg-y\" id=\"image_1975912882\">\n\t\t\t\t\t\t\t\t<div class=\"img-inner dark\" >\n\t\t\t<img loading=\"lazy\" decoding=\"async\" width=\"1020\" height=\"909\" src=\"https:\/\/larseguro.pt\/wp-content\/uploads\/2024\/02\/Logotipo-MFGest-Vestical-Branco-RGB-1024x913.png\" class=\"attachment-large size-large\" alt=\"Logo MF Gest\" srcset=\"https:\/\/larseguro.pt\/wp-content\/uploads\/2024\/02\/Logotipo-MFGest-Vestical-Branco-RGB-1024x913.png 1024w, https:\/\/larseguro.pt\/wp-content\/uploads\/2024\/02\/Logotipo-MFGest-Vestical-Branco-RGB-300x267.png 300w, https:\/\/larseguro.pt\/wp-content\/uploads\/2024\/02\/Logotipo-MFGest-Vestical-Branco-RGB-768x685.png 768w, https:\/\/larseguro.pt\/wp-content\/uploads\/2024\/02\/Logotipo-MFGest-Vestical-Branco-RGB-1536x1369.png 1536w, https:\/\/larseguro.pt\/wp-content\/uploads\/2024\/02\/Logotipo-MFGest-Vestical-Branco-RGB-2048x1825.png 2048w\" sizes=\"auto, (max-width: 1020px) 100vw, 1020px\" \/>\t\t\t\t\t\t\n\t\t\t\t\t<\/div>\n\t\t\t\t\t\t\t\t\n<style>\n#image_1975912882 {\n  width: 40%;\n}\n<\/style>\n\t<\/div>\n\t\n\n\n\t\t<\/div>\n\t\t\t\t\n<style>\n#col-1693881906 > .col-inner {\n  padding: 60px 30px 60px 30px;\n}\n<\/style>\n\t<\/div>\n\n\t\n\n\t<div id=\"col-1817380345\" class=\"col hide-for-medium medium-1 small-12 large-1\"  >\n\t\t\t\t<div class=\"col-inner\"  >\n\t\t\t\n\t\t\t\n\n\n\t\t<\/div>\n\t\t\t\t\t<\/div>\n\n\t\n\n\t<div id=\"col-475809462\" class=\"col medium-7 small-12 large-6\"  data-animate=\"fadeInLeft\">\n\t\t\t\t<div class=\"col-inner\"  >\n\t\t\t\n\t\t\t\n\n<h6>Strength and experience in project management<\/h6>\n<h2>MF Gest &#8211; Management and Consulting<\/h2>\n\t<div id=\"text-181404768\" class=\"text\">\n\t\t\n\n<p>MF Gest is a management and consulting company that operates in various areas of the real estate sector. With a team of dedicated specialists, it offers services such as construction supervision, real estate appraisals and security coordination.<\/p>\n\t\t\n<style>\n#text-181404768 {\n  font-size: 1.1rem;\n  line-height: 1.5;\n}\n<\/style>\n\t<\/div>\n\t\n\n\t\t<\/div>\n\t\t\t\t\t<\/div>\n\n\t\n\n<\/div>\n\t<div id=\"gap-1434745889\" class=\"gap-element clearfix\" style=\"display:block; height:auto;\">\n\t\t\n<style>\n#gap-1434745889 {\n  padding-top: 90px;\n}\n<\/style>\n\t<\/div>\n\t\n\n<div class=\"row align-middle\"  id=\"row-1849315721\">\n\n\n\t<div id=\"col-108362363\" class=\"col medium-7 small-12 large-6\"  data-animate=\"fadeInRight\">\n\t\t\t\t<div class=\"col-inner\"  >\n\t\t\t\n\t\t\t\n\n<h6>Building excellence for a solid future<\/h6>\n<h2>MF Vias &#8211; Engineering and Construction<\/h2>\n\t<div id=\"text-3321466502\" class=\"text\">\n\t\t\n\n<p>MF Vias &#8211; Engenharia e Constru\u00e7\u00f5es specializes in the construction of residential and non-residential buildings. Our company ensures the delivery of high quality projects. Under license no. 101862 PUB.<\/p>\n\t\t\n<style>\n#text-3321466502 {\n  font-size: 1.1rem;\n  line-height: 1.5;\n}\n<\/style>\n\t<\/div>\n\t\n\n\t\t<\/div>\n\t\t\t\t\t<\/div>\n\n\t\n\n\t<div id=\"col-703982091\" class=\"col hide-for-medium medium-1 small-12 large-1\"  >\n\t\t\t\t<div class=\"col-inner\"  >\n\t\t\t\n\t\t\t\n\n\n\t\t<\/div>\n\t\t\t\t\t<\/div>\n\n\t\n\n\t<div id=\"col-1887127305\" class=\"col medium-5 small-12 large-5 small-col-first\"  data-animate=\"fadeInRight\">\n\t\t\t\t<div class=\"col-inner text-center\" style=\"background-color:#153366;\" >\n\t\t\t\n\t\t\t\n\n\t<div class=\"img has-hover x md-x lg-x y md-y lg-y\" id=\"image_2030049771\">\n\t\t\t\t\t\t\t\t<div class=\"img-inner dark\" >\n\t\t\t<img loading=\"lazy\" decoding=\"async\" width=\"1020\" height=\"708\" src=\"https:\/\/larseguro.pt\/wp-content\/uploads\/2024\/02\/Logotipo-MFVias-Vertical-Branco-RGB-1024x711.png\" class=\"attachment-large size-large\" alt=\"Logo MF VIAS branca\" srcset=\"https:\/\/larseguro.pt\/wp-content\/uploads\/2024\/02\/Logotipo-MFVias-Vertical-Branco-RGB-1024x711.png 1024w, https:\/\/larseguro.pt\/wp-content\/uploads\/2024\/02\/Logotipo-MFVias-Vertical-Branco-RGB-300x208.png 300w, https:\/\/larseguro.pt\/wp-content\/uploads\/2024\/02\/Logotipo-MFVias-Vertical-Branco-RGB-768x534.png 768w, https:\/\/larseguro.pt\/wp-content\/uploads\/2024\/02\/Logotipo-MFVias-Vertical-Branco-RGB-1536x1067.png 1536w, https:\/\/larseguro.pt\/wp-content\/uploads\/2024\/02\/Logotipo-MFVias-Vertical-Branco-RGB-2048x1423.png 2048w\" sizes=\"auto, (max-width: 1020px) 100vw, 1020px\" \/>\t\t\t\t\t\t\n\t\t\t\t\t<\/div>\n\t\t\t\t\t\t\t\t\n<style>\n#image_2030049771 {\n  width: 50%;\n}\n<\/style>\n\t<\/div>\n\t\n\n\n\t\t<\/div>\n\t\t\t\t\n<style>\n#col-1887127305 > .col-inner {\n  padding: 60px 30px 60px 30px;\n}\n<\/style>\n\t<\/div>\n\n\t\n\n<\/div>\n\n\t\t<\/div>\n\n\t\t\n<style>\n#section_1658909263 {\n  padding-top: 90px;\n  padding-bottom: 90px;\n}\n<\/style>\n\t<\/section>\n\t\n\n\t<section class=\"section has-parallax\" id=\"section_1626930438\">\n\t\t<div class=\"section-bg fill\" data-parallax-container=\".section\" data-parallax-background data-parallax=\"-5\">\n\t\t\t<img loading=\"lazy\" decoding=\"async\" width=\"1024\" height=\"576\" src=\"https:\/\/larseguro.pt\/wp-content\/uploads\/2024\/02\/lote-12-2.jpg\" class=\"bg attachment-original size-original\" alt=\"imagem 3d de um condominio\" \/>\t\t\t\t\t\t<div class=\"section-bg-overlay absolute fill\"><\/div>\n\t\t\t\n\n\t\t<\/div>\n\n\t\t\n\n\t\t<div class=\"section-content relative\">\n\t\t\t\n\n\t<div id=\"gap-769010276\" class=\"gap-element clearfix\" style=\"display:block; height:auto;\">\n\t\t\n<style>\n#gap-769010276 {\n  padding-top: 30px;\n}\n<\/style>\n\t<\/div>\n\t\n\n<div class=\"row align-middle align-center\"  id=\"row-2115623459\">\n\n\n\t<div id=\"col-1241991793\" class=\"col medium-10 small-12 large-10\"  data-animate=\"fadeInLeft\">\n\t\t\t\t<div class=\"col-inner text-center\"  >\n\t\t\t\n\t\t\t\n\n\t<div id=\"gap-1264446537\" class=\"gap-element clearfix\" style=\"display:block; height:auto;\">\n\t\t\n<style>\n#gap-1264446537 {\n  padding-top: 30px;\n}\n<\/style>\n\t<\/div>\n\t\n\n\t<div id=\"gap-1526417371\" class=\"gap-element clearfix\" style=\"display:block; height:auto;\">\n\t\t\n<style>\n#gap-1526417371 {\n  padding-top: 10px;\n}\n@media (min-width:550px) {\n  #gap-1526417371 {\n    padding-top: 10px;\n  }\n}\n<\/style>\n\t<\/div>\n\t\n\n\t<div id=\"text-512860291\" class=\"text\">\n\t\t\n\n<h3>Your journey in search of the perfect home begins with one simple step.<\/h3>\n\t\t\n<style>\n#text-512860291 {\n  font-size: 1.4rem;\n  line-height: 1.5;\n}\n@media (min-width:550px) {\n  #text-512860291 {\n    font-size: 1.6rem;\n    line-height: 1.35;\n  }\n}\n<\/style>\n\t<\/div>\n\t\n\t<div id=\"text-3615825935\" class=\"text\">\n\t\t\n\n<p>Talk to our team and see how we can make your dream come true.<\/p>\n\t\t\n<style>\n#text-3615825935 {\n  font-size: 1.1rem;\n  line-height: 1.5;\n}\n@media (min-width:550px) {\n  #text-3615825935 {\n    font-size: 1.25rem;\n    line-height: 1.5;\n  }\n}\n<\/style>\n\t<\/div>\n\t\n\t<div id=\"gap-1902938201\" class=\"gap-element clearfix\" style=\"display:block; height:auto;\">\n\t\t\n<style>\n#gap-1902938201 {\n  padding-top: 20px;\n}\n<\/style>\n\t<\/div>\n\t\n\n<a href=\"https:\/\/larseguro.pt\/en\/contact\/\" class=\"button secondary is-outline\"  style=\"padding:5px 30px 5px 30px;\">\n\t\t<span>Get in touch<\/span>\n\t<\/a>\n\n\n\n\t\t<\/div>\n\t\t\t\t\n<style>\n#col-1241991793 > .col-inner {\n  padding: 10% 5% 10% 5%;\n}\n@media (min-width:550px) {\n  #col-1241991793 > .col-inner {\n    padding: 60px 10% 60px 10%;\n  }\n}\n<\/style>\n\t<\/div>\n\n\t\n\n\n<style>\n#row-2115623459 > .col > .col-inner {\n  background-color: rgb(255, 255, 255);\n}\n<\/style>\n<\/div>\n\n\t\t<\/div>\n\n\t\t\n<style>\n#section_1626930438 {\n  padding-top: 60px;\n  padding-bottom: 60px;\n  min-height: 500px;\n}\n#section_1626930438 .section-bg-overlay {\n  background-color: rgba(0, 0, 0, 0.2);\n}\n#section_1626930438 .section-bg img {\n  object-position: 0% 100%;\n}\n@media (min-width:550px) {\n  #section_1626930438 {\n    min-height: 600px;\n  }\n}\n@media (min-width:850px) {\n  #section_1626930438 {\n    min-height: 500px;\n  }\n}\n<\/style>\n\t<\/section>\n\t\n\n","protected":false},"excerpt":{"rendered":"","protected":false},"author":1,"featured_media":0,"parent":0,"menu_order":4,"comment_status":"closed","ping_status":"closed","template":"page-transparent-header-light.php","meta":{"inline_featured_image":false,"footnotes":""},"class_list":["post-584","page","type-page","status-publish","hentry"],"acf":[],"_links":{"self":[{"href":"https:\/\/larseguro.pt\/en\/wp-json\/wp\/v2\/pages\/584","targetHints":{"allow":["GET"]}}],"collection":[{"href":"https:\/\/larseguro.pt\/en\/wp-json\/wp\/v2\/pages"}],"about":[{"href":"https:\/\/larseguro.pt\/en\/wp-json\/wp\/v2\/types\/page"}],"author":[{"embeddable":true,"href":"https:\/\/larseguro.pt\/en\/wp-json\/wp\/v2\/users\/1"}],"replies":[{"embeddable":true,"href":"https:\/\/larseguro.pt\/en\/wp-json\/wp\/v2\/comments?post=584"}],"version-history":[{"count":1,"href":"https:\/\/larseguro.pt\/en\/wp-json\/wp\/v2\/pages\/584\/revisions"}],"predecessor-version":[{"id":586,"href":"https:\/\/larseguro.pt\/en\/wp-json\/wp\/v2\/pages\/584\/revisions\/586"}],"wp:attachment":[{"href":"https:\/\/larseguro.pt\/en\/wp-json\/wp\/v2\/media?parent=584"}],"curies":[{"name":"wp","href":"https:\/\/api.w.org\/{rel}","templated":true}]}}