{"id":587,"date":"2024-02-15T10:41:47","date_gmt":"2024-02-15T10:41:47","guid":{"rendered":"https:\/\/larseguro.pt\/portfolio\/"},"modified":"2026-04-21T12:01:27","modified_gmt":"2026-04-21T12:01:27","slug":"portfolio","status":"publish","type":"page","link":"https:\/\/larseguro.pt\/en\/portfolio\/","title":{"rendered":"Portfolio"},"content":{"rendered":"\n\n  <div class=\"banner has-hover\" id=\"banner-236086127\">\n          <div class=\"banner-inner fill\">\n        <div class=\"banner-bg fill\" >\n            <img loading=\"lazy\" decoding=\"async\" width=\"1020\" height=\"678\" src=\"https:\/\/larseguro.pt\/wp-content\/uploads\/2024\/02\/low-angle-shot-facade-white-modern-building-blue-clear-sky-1024x681.jpg\" class=\"bg attachment-large size-large\" alt=\"Fotografia de \u00e2ngulo baixo de uma fachada de um edif\u00edcio moderno branco sob um c\u00e9u azul claro\" \/>                        <div class=\"overlay\"><\/div>            \n                    <\/div>\n\t\t\n        <div class=\"banner-layers container\">\n            <div class=\"fill banner-link\"><\/div>            \n\n   <div id=\"text-box-227869341\" class=\"text-box banner-layer x50 md-x50 lg-x0 y65 md-y50 lg-y70 res-text\">\n                                <div class=\"text-box-content text dark\">\n              \n              <div class=\"text-inner text-center\">\n                  \n\n\t<div id=\"text-223538260\" class=\"text\">\n\t\t\n\n<h1>Our completed projects<\/h1>\n\t\t\n<style>\n#text-223538260 {\n  text-align: center;\n}\n@media (min-width:550px) {\n  #text-223538260 {\n    text-align: center;\n  }\n}\n@media (min-width:850px) {\n  #text-223538260 {\n    text-align: left;\n  }\n}\n<\/style>\n\t<\/div>\n\t\n\n              <\/div>\n           <\/div>\n                            \n<style>\n#text-box-227869341 {\n  width: 100%;\n}\n#text-box-227869341 .text-box-content {\n  font-size: 100%;\n}\n@media (min-width:550px) {\n  #text-box-227869341 {\n    width: 60%;\n  }\n}\n<\/style>\n    <\/div>\n \n\n        <\/div>\n      <\/div>\n\n            \n<style>\n#banner-236086127 {\n  padding-top: 50vh;\n}\n#banner-236086127 .overlay {\n  background-color: rgba(21, 51, 102, 0.8);\n}\n#banner-236086127 .banner-bg img {\n  object-position: 0% 97%;\n}\n<\/style>\n  <\/div>\n\n\n\n\t<section class=\"section\" id=\"section_1764907913\">\n\t\t<div class=\"section-bg fill\" >\n\t\t\t\t\t\t\t\t\t\n\t\t\t\n\n\t\t<\/div>\n\n\t\t\n\n\t\t<div class=\"section-content relative\">\n\t\t\t\n\n\t<div id=\"gap-161650203\" class=\"gap-element clearfix\" style=\"display:block; height:auto;\">\n\t\t\n<style>\n#gap-161650203 {\n  padding-top: 30px;\n}\n<\/style>\n\t<\/div>\n\t\n\n<div class=\"row\"  id=\"row-1411607343\">\n\n\n\t<div id=\"col-846336289\" class=\"col medium-4 small-12 large-5\"  data-animate=\"fadeInLeft\">\n\t\t\t\t<div class=\"col-inner\"  >\n\t\t\t\n\t\t\t\n\n\t<div class=\"img has-hover x md-x lg-x y md-y lg-y\" id=\"image_1764105848\">\n\t\t\t\t\t\t\t\t<div class=\"img-inner dark\" >\n\t\t\t<img loading=\"lazy\" decoding=\"async\" width=\"1020\" height=\"440\" src=\"https:\/\/larseguro.pt\/wp-content\/uploads\/2024\/03\/Terracos-do-Mocho-1024x442.jpg\" class=\"attachment-large size-large\" alt=\"\" srcset=\"https:\/\/larseguro.pt\/wp-content\/uploads\/2024\/03\/Terracos-do-Mocho-1024x442.jpg 1024w, https:\/\/larseguro.pt\/wp-content\/uploads\/2024\/03\/Terracos-do-Mocho-300x130.jpg 300w, https:\/\/larseguro.pt\/wp-content\/uploads\/2024\/03\/Terracos-do-Mocho-768x332.jpg 768w, https:\/\/larseguro.pt\/wp-content\/uploads\/2024\/03\/Terracos-do-Mocho.jpg 1422w\" sizes=\"auto, (max-width: 1020px) 100vw, 1020px\" \/>\t\t\t\t\t\t\n\t\t\t\t\t<\/div>\n\t\t\t\t\t\t\t\t\n<style>\n#image_1764105848 {\n  width: 81%;\n}\n<\/style>\n\t<\/div>\n\t\n\n\n\t\t<\/div>\n\t\t\t\t\t<\/div>\n\n\t\n\n\t<div id=\"col-1516801258\" class=\"col medium-8 small-12 large-7\"  data-animate=\"fadeInLeft\">\n\t\t\t\t<div class=\"col-inner\"  >\n\t\t\t\n\t\t\t\n\n\t<div id=\"text-26309247\" class=\"text\">\n\t\t\n\n<p>Terra\u00e7os do Mocho is a luxurious development with a magnificent 360\u00b0 view over the mountains and the sea, located in Cabe\u00e7o do Mocho, Sesmarias, Portim\u00e3o, a very quiet area of the city.<\/p>\n<p>Bathed in enviable natural light and with panoramic terraces\/balconies offering unobstructed views, the apartments breathe spaciousness.<\/p>\n\t\t\n<style>\n#text-26309247 {\n  font-size: 1.1rem;\n}\n<\/style>\n\t<\/div>\n\t\n\n\t\t<\/div>\n\t\t\t\t\t<\/div>\n\n\t\n\n<\/div>\n\n\t\t<\/div>\n\n\t\t\n<style>\n#section_1764907913 {\n  padding-top: 90px;\n  padding-bottom: 90px;\n}\n<\/style>\n\t<\/section>\n\t\n\n\t<section class=\"section\" id=\"section_2067976549\">\n\t\t<div class=\"section-bg fill\" >\n\t\t\t\t\t\t\t\t\t\n\t\t\t\n\n\t\t<\/div>\n\n\t\t\n\n\t\t<div class=\"section-content relative\">\n\t\t\t\n\n<div class=\"row\"  id=\"row-390817227\">\n\n\n\t<div id=\"col-81890424\" class=\"col small-12 large-12\"  data-animate=\"fadeInRight\">\n\t\t\t\t<div class=\"col-inner\"  >\n\t\t\t\n\t\t\t\n\n\n\t\t<div class=\"tabbed-content tabs-services\">\n\t\t\t\n\t\t\t<ul class=\"nav nav-line-bottom nav-normal nav-size-xlarge nav-center\" role=\"tablist\"><li id=\"tab-lote-12\" class=\"tab active has-icon\" role=\"presentation\"><a href=\"#Lote%2012\" role=\"tab\" aria-selected=\"true\" aria-controls=\"tab_lote-12\"><span>Lot 12<\/span><\/a><\/li>\n<li id=\"tab-lote-16\" class=\"tab has-icon\" role=\"presentation\"><a href=\"#Lote%2016\" tabindex=\"-1\" role=\"tab\" aria-selected=\"false\" aria-controls=\"tab_lote-16\"><span>Lot 16<\/span><\/a><\/li><\/ul><div class=\"tab-panels\"><div id=\"tab_lote-12\" class=\"panel active entry-content\" role=\"tabpanel\" aria-labelledby=\"tab-lote-12\">\n\n<div class=\"row\"  id=\"row-800470396\">\n\n\n\t<div id=\"col-1981140917\" class=\"col small-12 large-12\"  >\n\t\t\t\t<div class=\"col-inner\"  >\n\t\t\t\n\t\t\t\n\n\t<div class=\"img has-hover x md-x lg-x y md-y lg-y\" id=\"image_433080191\">\n\t\t\t\t\t\t\t\t<div class=\"img-inner image-cover dark\" style=\"padding-top:500px;\">\n\t\t\t<img loading=\"lazy\" decoding=\"async\" width=\"1145\" height=\"608\" src=\"https:\/\/larseguro.pt\/wp-content\/uploads\/2024\/09\/terraco-do-mocho.png\" class=\"attachment-original size-original\" alt=\"\" srcset=\"https:\/\/larseguro.pt\/wp-content\/uploads\/2024\/09\/terraco-do-mocho.png 1145w, https:\/\/larseguro.pt\/wp-content\/uploads\/2024\/09\/terraco-do-mocho-300x159.png 300w, https:\/\/larseguro.pt\/wp-content\/uploads\/2024\/09\/terraco-do-mocho-1024x544.png 1024w, https:\/\/larseguro.pt\/wp-content\/uploads\/2024\/09\/terraco-do-mocho-768x408.png 768w\" sizes=\"auto, (max-width: 1145px) 100vw, 1145px\" \/>\t\t\t\t\t\t\n\t\t\t\t\t<\/div>\n\t\t\t\t\t\t\t\t\n<style>\n#image_433080191 {\n  width: 100%;\n}\n<\/style>\n\t<\/div>\n\t\n\n\n\t\t<\/div>\n\t\t\t\t\t<\/div>\n\n\t\n\n<\/div>\n<div class=\"row align-center\"  id=\"row-1635789199\">\n\n\n\t<div id=\"col-1796729314\" class=\"col medium-12 small-12 large-6\"  >\n\t\t\t\t<div class=\"col-inner\"  >\n\t\t\t\n\t\t\t\n\n\t<div id=\"gap-1997911848\" class=\"gap-element clearfix\" style=\"display:block; height:auto;\">\n\t\t\n<style>\n#gap-1997911848 {\n  padding-top: 10px;\n}\n@media (min-width:550px) {\n  #gap-1997911848 {\n    padding-top: 20px;\n  }\n}\n@media (min-width:850px) {\n  #gap-1997911848 {\n    padding-top: 30px;\n  }\n}\n<\/style>\n\t<\/div>\n\t\n\n\t<div id=\"text-61673125\" class=\"text\">\n\t\t\n\n<h2>Lot 12<\/h2>\n\t\t\n<style>\n#text-61673125 {\n  font-size: 1.5rem;\n}\n<\/style>\n\t<\/div>\n\t\n\t<div id=\"text-3312742749\" class=\"text\">\n\t\t\n\n<p>Terra\u00e7os do Mocho is a luxurious private development with magnificent views, located in Cabe\u00e7o do Mocho, Sesmarias, Portim\u00e3o, a very quiet area of the city. Bathed in enviable natural light and with panoramic terraces\/balconies offering unobstructed views, the apartments breathe spaciousness.<\/p>\n\t\t\n<style>\n#text-3312742749 {\n  font-size: 1.1rem;\n}\n<\/style>\n\t<\/div>\n\t\n<a href=\"#lote-12\" class=\"button secondary\"  style=\"padding:5px 30px 5px 30px;\">\n\t\t<span>SEE PHOTO GALLERY<\/span>\n\t<\/a>\n\n\n\n\t\t<\/div>\n\t\t\t\t\n<style>\n#col-1796729314 > .col-inner {\n  padding: 0px 10% 0px 0px;\n}\n<\/style>\n\t<\/div>\n\n\t\n\n\t<div id=\"col-630382061\" class=\"col medium-12 small-12 large-6\"  >\n\t\t\t\t<div class=\"col-inner\" style=\"background-color:rgb(241, 241, 241);\" >\n\t\t\t\n\t<div class=\"is-border\"\n\t\tstyle=\"border-color:#e53812;border-width:10px 0px 0px 0px;\">\n\t<\/div>\n\t\t\t\n\n\t<div id=\"text-463677975\" class=\"text\">\n\t\t\n\n<h3>Differentials<\/h3>\n\t\t\n<style>\n#text-463677975 {\n  font-size: 1.25rem;\n}\n<\/style>\n\t<\/div>\n\t\n<ul>\n<li class=\"bullet-checkmark\">Heat pumps<\/li>\n<li class=\"bullet-checkmark\">Garage<\/li>\n<li class=\"bullet-checkmark\">Privileged view<\/li>\n<li class=\"bullet-checkmark\">Swimming pool pre-installation<\/li>\n<li class=\"bullet-checkmark\">Jacuzzi<\/li>\n<li class=\"bullet-checkmark\">Energy Class A<\/li>\n<li class=\"bullet-checkmark\">Sound insulation between rooms<\/li>\n<\/ul>\n\n\t\t<\/div>\n\t\t\t\t\n<style>\n#col-630382061 > .col-inner {\n  padding: 15% 10% 5% 10%;\n  margin: 0 0px 0px 0px;\n}\n@media (min-width:550px) {\n  #col-630382061 > .col-inner {\n    padding: 10% 10% 8% 10%;\n  }\n}\n@media (min-width:850px) {\n  #col-630382061 > .col-inner {\n    padding: 15% 15% 10% 15%;\n    margin: -172px 0px 0px 0px;\n  }\n}\n<\/style>\n\t<\/div>\n\n\t\n\n<\/div>\n\n<\/div>\n<div id=\"tab_lote-16\" class=\"panel entry-content\" role=\"tabpanel\" aria-labelledby=\"tab-lote-16\">\n\n<div class=\"row\"  id=\"row-158877117\">\n\n\n\t<div id=\"col-562119879\" class=\"col small-12 large-12\"  >\n\t\t\t\t<div class=\"col-inner\"  >\n\t\t\t\n\t\t\t\n\n\t<div class=\"img has-hover x md-x lg-x y md-y lg-y\" id=\"image_1924382417\">\n\t\t\t\t\t\t\t\t<div class=\"img-inner image-cover dark\" style=\"padding-top:500px;\">\n\t\t\t<img loading=\"lazy\" decoding=\"async\" width=\"2560\" height=\"1440\" src=\"https:\/\/larseguro.pt\/wp-content\/uploads\/2024\/03\/P023_Ent_CL_05-12-23_Final1-scaled.jpg\" class=\"attachment-original size-original\" alt=\"\" srcset=\"https:\/\/larseguro.pt\/wp-content\/uploads\/2024\/03\/P023_Ent_CL_05-12-23_Final1-scaled.jpg 2560w, https:\/\/larseguro.pt\/wp-content\/uploads\/2024\/03\/P023_Ent_CL_05-12-23_Final1-300x169.jpg 300w, https:\/\/larseguro.pt\/wp-content\/uploads\/2024\/03\/P023_Ent_CL_05-12-23_Final1-1024x576.jpg 1024w, https:\/\/larseguro.pt\/wp-content\/uploads\/2024\/03\/P023_Ent_CL_05-12-23_Final1-768x432.jpg 768w, https:\/\/larseguro.pt\/wp-content\/uploads\/2024\/03\/P023_Ent_CL_05-12-23_Final1-1536x864.jpg 1536w, https:\/\/larseguro.pt\/wp-content\/uploads\/2024\/03\/P023_Ent_CL_05-12-23_Final1-2048x1152.jpg 2048w\" sizes=\"auto, (max-width: 2560px) 100vw, 2560px\" \/>\t\t\t\t\t\t\n\t\t\t\t\t<\/div>\n\t\t\t\t\t\t\t\t\n<style>\n#image_1924382417 {\n  width: 100%;\n}\n<\/style>\n\t<\/div>\n\t\n\n\n\t\t<\/div>\n\t\t\t\t\t<\/div>\n\n\t\n\n<\/div>\n<div class=\"row align-center\"  id=\"row-1806367826\">\n\n\n\t<div id=\"col-1400725473\" class=\"col medium-12 small-12 large-6\"  >\n\t\t\t\t<div class=\"col-inner\"  >\n\t\t\t\n\t\t\t\n\n\t<div id=\"gap-12698508\" class=\"gap-element clearfix\" style=\"display:block; height:auto;\">\n\t\t\n<style>\n#gap-12698508 {\n  padding-top: 10px;\n}\n@media (min-width:550px) {\n  #gap-12698508 {\n    padding-top: 20px;\n  }\n}\n@media (min-width:850px) {\n  #gap-12698508 {\n    padding-top: 30px;\n  }\n}\n<\/style>\n\t<\/div>\n\t\n\n\t<div id=\"text-172877438\" class=\"text\">\n\t\t\n\n<h2>Lot 16<\/h2>\n\t\t\n<style>\n#text-172877438 {\n  font-size: 1.5rem;\n}\n<\/style>\n\t<\/div>\n\t\n\t<div id=\"text-237131981\" class=\"text\">\n\t\t\n\n<p>Terra\u00e7os do Mocho is a luxurious private development with a magnificent 360\u00b0 view over the mountains and the sea, located in Cabe\u00e7o do Mocho, Sesmarias, Portim\u00e3o, a very quiet area of the city. Bathed in enviable natural light and with panoramic terraces\/balconies offering unobstructed views, the apartments breathe spaciousness.<\/p>\n\t\t\n<style>\n#text-237131981 {\n  font-size: 1.1rem;\n}\n<\/style>\n\t<\/div>\n\t\n<a href=\"#lote-16\" class=\"button primary\"  style=\"padding:5px 30px 5px 30px;\">\n\t\t<span>SEE PHOTO GALLERY<\/span>\n\t<\/a>\n\n\n\n\t\t<\/div>\n\t\t\t\t\n<style>\n#col-1400725473 > .col-inner {\n  padding: 0px 10% 0px 0px;\n}\n<\/style>\n\t<\/div>\n\n\t\n\n\t<div id=\"col-377442824\" class=\"col medium-12 small-12 large-6\"  >\n\t\t\t\t<div class=\"col-inner\" style=\"background-color:rgb(241, 241, 241);\" >\n\t\t\t\n\t<div class=\"is-border\"\n\t\tstyle=\"border-color:rgb(21, 51, 102);border-width:10px 0px 0px 0px;\">\n\t<\/div>\n\t\t\t\n\n\t<div id=\"text-3275513410\" class=\"text\">\n\t\t\n\n<h3>Differentials<\/h3>\n\t\t\n<style>\n#text-3275513410 {\n  font-size: 1.25rem;\n}\n<\/style>\n\t<\/div>\n\t\n<ul>\n<li class=\"bullet-checkmark\">Heat pumps<\/li>\n<li class=\"bullet-checkmark\">Garage<\/li>\n<li class=\"bullet-checkmark\">Privileged view<\/li>\n<li class=\"bullet-checkmark\">Swimming pool pre-installation<\/li>\n<li class=\"bullet-checkmark\">Jacuzzi<\/li>\n<li class=\"bullet-checkmark\">Energy Class A<\/li>\n<li class=\"bullet-checkmark\">Sound insulation between rooms<\/li>\n<\/ul>\n\n\t\t<\/div>\n\t\t\t\t\n<style>\n#col-377442824 > .col-inner {\n  padding: 15% 10% 5% 10%;\n  margin: 0 0px 0px 0px;\n}\n@media (min-width:550px) {\n  #col-377442824 > .col-inner {\n    padding: 10% 10% 8% 10%;\n  }\n}\n@media (min-width:850px) {\n  #col-377442824 > .col-inner {\n    padding: 15% 15% 10% 15%;\n    margin: -172px 0px 0px 0px;\n  }\n}\n<\/style>\n\t<\/div>\n\n\t\n\n<\/div>\n\n<\/div><\/div><\/div>\n\n\t\t<\/div>\n\t\t\t\t\t<\/div>\n\n\t\n\n<\/div>\n\n\n\t<div id=\"lote-12\"\n\t     class=\"lightbox-by-id lightbox-content mfp-hide lightbox-white \"\n\t     style=\"max-width:auto ;padding:20px\">\n\t\t\n\t<section class=\"section\" id=\"section_781491240\">\n\t\t<div class=\"section-bg fill\" >\n\t\t\t\t\t\t\t\t\t\n\t\t\t\n\n\t\t<\/div>\n\n\t\t\n\n\t\t<div class=\"section-content relative\">\n\t\t\t\n\n<div class=\"row align-middle align-center\"  id=\"row-2063722656\">\n\n\n\t<div id=\"col-311792139\" class=\"col small-12 large-12\"  >\n\t\t\t\t<div class=\"col-inner\"  >\n\t\t\t\n\t\t\t\n\n\n\n\n\t\t<\/div>\n\t\t\t\t\t<\/div>\n\n\t\n\n<\/div>\n\n\t\t<\/div>\n\n\t\t\n<style>\n#section_781491240 {\n  padding-top: 30px;\n  padding-bottom: 30px;\n}\n<\/style>\n\t<\/section>\n\t\t<\/div>\n\t\n\t\n\n\n\t<div id=\"lote-16\"\n\t     class=\"lightbox-by-id lightbox-content mfp-hide lightbox-white \"\n\t     style=\"max-width:auto ;padding:20px\">\n\t\t\n\t<section class=\"section\" id=\"section_583519462\">\n\t\t<div class=\"section-bg fill\" >\n\t\t\t\t\t\t\t\t\t\n\t\t\t\n\n\t\t<\/div>\n\n\t\t\n\n\t\t<div class=\"section-content relative\">\n\t\t\t\n\n<div class=\"row align-middle align-center\"  id=\"row-1230465340\">\n\n\n\t<div id=\"col-1356716102\" class=\"col small-12 large-12\"  >\n\t\t\t\t<div class=\"col-inner\"  >\n\t\t\t\n\t\t\t\n\n\n  \n    <div id=\"gallery-327574352\" class=\"slider slider-auto-height row-collapse slider-nav-simple\" data-flickity-options='{&quot;imagesLoaded&quot;: true, &quot;dragThreshold&quot; : 5, &quot;cellAlign&quot;: &quot;left&quot;,&quot;wrapAround&quot;: true,&quot;prevNextButtons&quot;: true,&quot;percentPosition&quot;: true,&quot;pageDots&quot;: false, &quot;rightToLeft&quot;: false, &quot;autoPlay&quot; : 2000}'>\n\n  <div class=\"gallery-col col\" >\n          <div class=\"col-inner\">\n            <a class=\"image-lightbox lightbox-gallery\" href=\"https:\/\/larseguro.pt\/wp-content\/uploads\/2024\/02\/lote-12-2.jpg\" title=\"\">            <div class=\"box has-hover gallery-box box-overlay dark\">\n              <div class=\"box-image image-cover\" style=\"padding-top:70vh;\">\n                <img loading=\"lazy\" decoding=\"async\" width=\"1024\" height=\"576\" src=\"https:\/\/larseguro.pt\/wp-content\/uploads\/2024\/02\/lote-12-2.jpg\" class=\"attachment-original size-original\" alt=\"\" ids=\"265,451,424,434,435,432,430,431,429,425,428,427,426,423\" lightbox_image_size=\"original\" type=\"slider-full\" slider_nav_style=\"simple\" slider_nav_color=\"light\" auto_slide=\"2000\" image_height=\"70vh\" image_size=\"original\" srcset=\"https:\/\/larseguro.pt\/wp-content\/uploads\/2024\/02\/lote-12-2.jpg 1024w, https:\/\/larseguro.pt\/wp-content\/uploads\/2024\/02\/lote-12-2-300x169.jpg 300w, https:\/\/larseguro.pt\/wp-content\/uploads\/2024\/02\/lote-12-2-768x432.jpg 768w\" sizes=\"auto, (max-width: 1024px) 100vw, 1024px\" \/>                                  <div class=\"overlay fill\"\n                      style=\"background-color: rgba(0,0,0,.15)\">\n                  <\/div>\n                                                              <\/div>\n              <div class=\"box-text text-left\" >\n                 <p><\/p>\n              <\/div>\n            <\/div>\n            <\/a>          <\/div>\n         <\/div><\/div>\n\n\n\t\t<\/div>\n\t\t\t\t\t<\/div>\n\n\t\n\n<\/div>\n\n\t\t<\/div>\n\n\t\t\n<style>\n#section_583519462 {\n  padding-top: 30px;\n  padding-bottom: 30px;\n}\n<\/style>\n\t<\/section>\n\t\t<\/div>\n\t\n\t\n\n\n\t\t<\/div>\n\n\t\t\n<style>\n#section_2067976549 {\n  padding-top: 30px;\n  padding-bottom: 30px;\n}\n@media (min-width:550px) {\n  #section_2067976549 {\n    padding-top: 30px;\n    padding-bottom: 30px;\n  }\n}\n<\/style>\n\t<\/section>\n\t\n\n\t<section class=\"section has-parallax\" id=\"section_719949154\">\n\t\t<div class=\"section-bg fill\" data-parallax-container=\".section\" data-parallax-background data-parallax=\"-5\">\n\t\t\t<img loading=\"lazy\" decoding=\"async\" width=\"1024\" height=\"576\" src=\"https:\/\/larseguro.pt\/wp-content\/uploads\/2024\/02\/lote-12-2.jpg\" class=\"bg attachment-original size-original\" alt=\"\" \/>\t\t\t\t\t\t<div class=\"section-bg-overlay absolute fill\"><\/div>\n\t\t\t\n\n\t\t<\/div>\n\n\t\t\n\n\t\t<div class=\"section-content relative\">\n\t\t\t\n\n\t<div id=\"gap-1824954482\" class=\"gap-element clearfix\" style=\"display:block; height:auto;\">\n\t\t\n<style>\n#gap-1824954482 {\n  padding-top: 30px;\n}\n<\/style>\n\t<\/div>\n\t\n\n<div class=\"row align-middle align-center\"  id=\"row-1318234010\">\n\n\n\t<div id=\"col-750734753\" class=\"col medium-10 small-12 large-10\"  data-animate=\"fadeInLeft\">\n\t\t\t\t<div class=\"col-inner text-center\"  >\n\t\t\t\n\t\t\t\n\n\t<div id=\"gap-277083987\" class=\"gap-element clearfix\" style=\"display:block; height:auto;\">\n\t\t\n<style>\n#gap-277083987 {\n  padding-top: 30px;\n}\n<\/style>\n\t<\/div>\n\t\n\n\t<div id=\"gap-1299072109\" class=\"gap-element clearfix\" style=\"display:block; height:auto;\">\n\t\t\n<style>\n#gap-1299072109 {\n  padding-top: 10px;\n}\n@media (min-width:550px) {\n  #gap-1299072109 {\n    padding-top: 10px;\n  }\n}\n<\/style>\n\t<\/div>\n\t\n\n\t<div id=\"text-2624175905\" class=\"text\">\n\t\t\n\n<h3>Your journey in search of the perfect home begins with one simple step.<\/h3>\n\t\t\n<style>\n#text-2624175905 {\n  font-size: 1.4rem;\n  line-height: 1.5;\n}\n@media (min-width:550px) {\n  #text-2624175905 {\n    font-size: 1.6rem;\n    line-height: 1.35;\n  }\n}\n<\/style>\n\t<\/div>\n\t\n\t<div id=\"text-1407261119\" class=\"text\">\n\t\t\n\n<p>Talk to our team and see how we can make your dream come true.<\/p>\n\t\t\n<style>\n#text-1407261119 {\n  font-size: 1.1rem;\n  line-height: 1.5;\n}\n@media (min-width:550px) {\n  #text-1407261119 {\n    font-size: 1.25rem;\n    line-height: 1.5;\n  }\n}\n<\/style>\n\t<\/div>\n\t\n\t<div id=\"gap-220259819\" class=\"gap-element clearfix\" style=\"display:block; height:auto;\">\n\t\t\n<style>\n#gap-220259819 {\n  padding-top: 20px;\n}\n<\/style>\n\t<\/div>\n\t\n\n<a href=\"https:\/\/larseguro.pt\/en\/contact\/\" class=\"button secondary is-outline\"  style=\"padding:5px 30px 5px 30px;\">\n\t\t<span>CONTACT US<\/span>\n\t<\/a>\n\n\n\n\t\t<\/div>\n\t\t\t\t\n<style>\n#col-750734753 > .col-inner {\n  padding: 10% 5% 10% 5%;\n}\n@media (min-width:550px) {\n  #col-750734753 > .col-inner {\n    padding: 60px 10% 60px 10%;\n  }\n}\n<\/style>\n\t<\/div>\n\n\t\n\n\n<style>\n#row-1318234010 > .col > .col-inner {\n  background-color: rgb(255, 255, 255);\n}\n<\/style>\n<\/div>\n\n\t\t<\/div>\n\n\t\t\n<style>\n#section_719949154 {\n  padding-top: 60px;\n  padding-bottom: 60px;\n  min-height: 500px;\n}\n#section_719949154 .section-bg-overlay {\n  background-color: rgba(0, 0, 0, 0.2);\n}\n#section_719949154 .section-bg img {\n  object-position: 0% 100%;\n}\n@media (min-width:550px) {\n  #section_719949154 {\n    min-height: 600px;\n  }\n}\n@media (min-width:850px) {\n  #section_719949154 {\n    min-height: 500px;\n  }\n}\n<\/style>\n\t<\/section>\n\t\n\n","protected":false},"excerpt":{"rendered":"","protected":false},"author":3,"featured_media":0,"parent":0,"menu_order":4,"comment_status":"closed","ping_status":"closed","template":"page-transparent-header-light.php","meta":{"inline_featured_image":false,"footnotes":""},"class_list":["post-587","page","type-page","status-publish","hentry"],"acf":[],"_links":{"self":[{"href":"https:\/\/larseguro.pt\/en\/wp-json\/wp\/v2\/pages\/587","targetHints":{"allow":["GET"]}}],"collection":[{"href":"https:\/\/larseguro.pt\/en\/wp-json\/wp\/v2\/pages"}],"about":[{"href":"https:\/\/larseguro.pt\/en\/wp-json\/wp\/v2\/types\/page"}],"author":[{"embeddable":true,"href":"https:\/\/larseguro.pt\/en\/wp-json\/wp\/v2\/users\/3"}],"replies":[{"embeddable":true,"href":"https:\/\/larseguro.pt\/en\/wp-json\/wp\/v2\/comments?post=587"}],"version-history":[{"count":2,"href":"https:\/\/larseguro.pt\/en\/wp-json\/wp\/v2\/pages\/587\/revisions"}],"predecessor-version":[{"id":946,"href":"https:\/\/larseguro.pt\/en\/wp-json\/wp\/v2\/pages\/587\/revisions\/946"}],"wp:attachment":[{"href":"https:\/\/larseguro.pt\/en\/wp-json\/wp\/v2\/media?parent=587"}],"curies":[{"name":"wp","href":"https:\/\/api.w.org\/{rel}","templated":true}]}}